{"id":75269,"date":"2025-09-30T06:54:39","date_gmt":"2025-09-30T04:54:39","guid":{"rendered":"https:\/\/www.espacebamboo.be\/?page_id=75269"},"modified":"2025-10-16T07:03:49","modified_gmt":"2025-10-16T05:03:49","slug":"privatisations","status":"publish","type":"page","link":"https:\/\/www.espacebamboo.be\/index.php\/privatisations\/","title":{"rendered":"Privatisations"},"content":{"rendered":"\t\t<div data-elementor-type=\"wp-page\" data-elementor-id=\"75269\" class=\"elementor elementor-75269\" data-elementor-post-type=\"page\">\n\t\t\t\t<div class=\"elementor-element elementor-element-65a8e33 e-flex e-con-boxed e-con e-parent\" data-id=\"65a8e33\" data-element_type=\"container\" data-settings=\"{&quot;background_background&quot;:&quot;classic&quot;}\">\n\t\t\t\t\t<div class=\"e-con-inner\">\n\t\t<div class=\"elementor-element elementor-element-9e4b2aa e-flex e-con-boxed e-con e-child\" data-id=\"9e4b2aa\" data-element_type=\"container\">\n\t\t\t\t\t<div class=\"e-con-inner\">\n\t\t\t\t<div class=\"elementor-element elementor-element-6008b87 elementor-widget elementor-widget-heading\" data-id=\"6008b87\" data-element_type=\"widget\" data-widget_type=\"heading.default\">\n\t\t\t\t\t<h2 class=\"elementor-heading-title elementor-size-default\">Privatisations<\/h2>\t\t\t\t<\/div>\n\t\t\t\t\t<\/div>\n\t\t\t\t<\/div>\n\t\t<div class=\"elementor-element elementor-element-b9e33c4 e-con-full e-flex e-con e-child\" data-id=\"b9e33c4\" data-element_type=\"container\">\n\t\t<div class=\"elementor-element elementor-element-cd77834 e-con-full e-flex e-con e-child\" data-id=\"cd77834\" data-element_type=\"container\">\n\t\t\t\t<div class=\"elementor-element elementor-element-3d12d03 elementor-widget elementor-widget-image\" data-id=\"3d12d03\" data-element_type=\"widget\" data-widget_type=\"image.default\">\n\t\t\t\t\t\t\t\t\t\t\t\t\t\t\t<img fetchpriority=\"high\" decoding=\"async\" width=\"1919\" height=\"1568\" src=\"https:\/\/www.espacebamboo.be\/wp-content\/uploads\/2022\/12\/PHOTO-2022-08-24-14-10-00.jpg\" class=\"attachment-full size-full wp-image-73961\" alt=\"\" srcset=\"https:\/\/www.espacebamboo.be\/wp-content\/uploads\/2022\/12\/PHOTO-2022-08-24-14-10-00.jpg 1919w, https:\/\/www.espacebamboo.be\/wp-content\/uploads\/2022\/12\/PHOTO-2022-08-24-14-10-00-300x245.jpg 300w, https:\/\/www.espacebamboo.be\/wp-content\/uploads\/2022\/12\/PHOTO-2022-08-24-14-10-00-1024x837.jpg 1024w, https:\/\/www.espacebamboo.be\/wp-content\/uploads\/2022\/12\/PHOTO-2022-08-24-14-10-00-768x628.jpg 768w, https:\/\/www.espacebamboo.be\/wp-content\/uploads\/2022\/12\/PHOTO-2022-08-24-14-10-00-1536x1255.jpg 1536w, https:\/\/www.espacebamboo.be\/wp-content\/uploads\/2022\/12\/PHOTO-2022-08-24-14-10-00-600x490.jpg 600w\" sizes=\"(max-width: 1919px) 100vw, 1919px\" \/>\t\t\t\t\t\t\t\t\t\t\t\t\t\t\t<\/div>\n\t\t\t\t<\/div>\n\t\t<div class=\"elementor-element elementor-element-2b346c3 e-con-full e-flex e-con e-child\" data-id=\"2b346c3\" data-element_type=\"container\">\n\t\t\t\t<div class=\"elementor-element elementor-element-955b97f elementor-widget elementor-widget-heading\" data-id=\"955b97f\" data-element_type=\"widget\" data-widget_type=\"heading.default\">\n\t\t\t\t\t<h2 class=\"elementor-heading-title elementor-size-default\">Anniversaire <br>pour enfants<\/h2>\t\t\t\t<\/div>\n\t\t\t\t<div class=\"elementor-element elementor-element-fedfa9c elementor-widget elementor-widget-text-editor\" data-id=\"fedfa9c\" data-element_type=\"widget\" data-widget_type=\"text-editor.default\">\n\t\t\t\t\t\t\t\t\t<p>Venez f\u00eater l\u2019anniversaire de votre enfant dans un cadre<br \/>f\u00e9\u00e9rique o\u00f9 tout est pens\u00e9 pour les petits. Cr\u00e9ez lui son<br \/>anniversaire avec l\u2019atelier qu\u2019il aime (une animation plus<br \/>musique, ou de bricolage, des jeux) qui sera suivi d\u2019une<br \/>s\u00e9ance de maquillage et de d\u00e9guisement.<\/p>\t\t\t\t\t\t\t\t<\/div>\n\t\t\t\t<div class=\"elementor-element elementor-element-e73bcda elementor-absolute floaty floaty--1 elementor-widget elementor-widget-image\" data-id=\"e73bcda\" data-element_type=\"widget\" data-settings=\"{&quot;_position&quot;:&quot;absolute&quot;}\" data-widget_type=\"image.default\">\n\t\t\t\t\t\t\t\t\t\t\t\t\t\t\t<img decoding=\"async\" width=\"130\" height=\"216\" src=\"https:\/\/www.espacebamboo.be\/wp-content\/uploads\/2025\/10\/Cones.png\" class=\"attachment-large size-large wp-image-75752\" alt=\"\" \/>\t\t\t\t\t\t\t\t\t\t\t\t\t\t\t<\/div>\n\t\t\t\t<div class=\"elementor-element elementor-element-6384a51 elementor-absolute floaty floaty--1 elementor-widget elementor-widget-image\" data-id=\"6384a51\" data-element_type=\"widget\" data-settings=\"{&quot;_position&quot;:&quot;absolute&quot;}\" data-widget_type=\"image.default\">\n\t\t\t\t\t\t\t\t\t\t\t\t\t\t\t<img decoding=\"async\" width=\"177\" height=\"182\" src=\"https:\/\/www.espacebamboo.be\/wp-content\/uploads\/2025\/10\/Cheval.png\" class=\"attachment-large size-large wp-image-75753\" alt=\"\" \/>\t\t\t\t\t\t\t\t\t\t\t\t\t\t\t<\/div>\n\t\t\t\t<div class=\"elementor-element elementor-element-3800058 elementor-widget elementor-widget-text-editor\" data-id=\"3800058\" data-element_type=\"widget\" data-widget_type=\"text-editor.default\">\n\t\t\t\t\t\t\t\t\t<p>La f\u00eate dure 2h30 (possibilit\u00e9 de 3h \u00e9galement) et se termine avec une<br \/>\u00ab pi\u00f1ata \u00bb d\u00e9j\u00e0 garnie avec des bonbons, chocolats et sucettes pour finir<br \/>l\u2019anniversaire en beaut\u00e9.<\/p><p>Groupe de 6 enfants minimum et 17 enfants maximum.<br data-start=\"102\" data-end=\"105\" \/>\u00c0 partir de 4 ans<\/p>\t\t\t\t\t\t\t\t<\/div>\n\t\t\t\t<div class=\"elementor-element elementor-element-4892955 elementor-mobile-align-center elementor-widget-mobile__width-inherit elementor-widget elementor-widget-button\" data-id=\"4892955\" data-element_type=\"widget\" data-widget_type=\"button.default\">\n\t\t\t\t\t\t\t\t\t\t<a class=\"elementor-button elementor-button-link elementor-size-sm\" href=\"https:\/\/docs.google.com\/forms\/d\/e\/1FAIpQLSdQfFjpgn6JDDgW5_4P9s2xOwuFlyF99Y7dD3WUka7wr7Gb8A\/viewform\">\n\t\t\t\t\t\t<span class=\"elementor-button-content-wrapper\">\n\t\t\t\t\t\t\t\t\t<span class=\"elementor-button-text\">R\u00e9servation<\/span>\n\t\t\t\t\t<\/span>\n\t\t\t\t\t<\/a>\n\t\t\t\t\t\t\t\t<\/div>\n\t\t\t\t<\/div>\n\t\t\t\t<\/div>\n\t\t<div class=\"elementor-element elementor-element-86c2bf1 e-con-full e-flex e-con e-child\" data-id=\"86c2bf1\" data-element_type=\"container\">\n\t\t<div class=\"elementor-element elementor-element-2f723c6 e-con-full e-flex e-con e-child\" data-id=\"2f723c6\" data-element_type=\"container\">\n\t\t\t\t<div class=\"elementor-element elementor-element-1c89a8c elementor-widget elementor-widget-heading\" data-id=\"1c89a8c\" data-element_type=\"widget\" data-widget_type=\"heading.default\">\n\t\t\t\t\t<h2 class=\"elementor-heading-title elementor-size-default\">Workshop <br>Priv\u00e9<\/h2>\t\t\t\t<\/div>\n\t\t\t\t<div class=\"elementor-element elementor-element-9dcc561 elementor-widget elementor-widget-text-editor\" data-id=\"9dcc561\" data-element_type=\"widget\" data-widget_type=\"text-editor.default\">\n\t\t\t\t\t\t\t\t\t<p>Offrez-vous une parenth\u00e8se cr\u00e9ative et ressour\u00e7ante entre proches.<br data-start=\"138\" data-end=\"141\" \/>R\u00e9servez une matin\u00e9e ou une apr\u00e8s-midi pour vivre un moment unique en c\u00e9ramique, en chant ou en yoga.<\/p>\t\t\t\t\t\t\t\t<\/div>\n\t\t\t\t<div class=\"elementor-element elementor-element-5f9d7fa elementor-widget elementor-widget-text-editor\" data-id=\"5f9d7fa\" data-element_type=\"widget\" data-widget_type=\"text-editor.default\">\n\t\t\t\t\t\t\t\t\t<p>Nous concevons votre atelier sur mesure, dans un cadre inspirant, calme et intime.<br data-start=\"326\" data-end=\"329\" \/>Pour c\u00e9l\u00e9brer un \u00e9v\u00e9nement, cr\u00e9er ensemble, ou simplement se retrouver autrement.<\/p>\t\t\t\t\t\t\t\t<\/div>\n\t\t\t\t<div class=\"elementor-element elementor-element-b9895de elementor-mobile-align-center elementor-widget-mobile__width-inherit elementor-widget elementor-widget-button\" data-id=\"b9895de\" data-element_type=\"widget\" data-widget_type=\"button.default\">\n\t\t\t\t\t\t\t\t\t\t<a class=\"elementor-button elementor-button-link elementor-size-sm\" href=\"https:\/\/www.espacebamboo.be\/index.php\/contact-2\/\" target=\"_blank\">\n\t\t\t\t\t\t<span class=\"elementor-button-content-wrapper\">\n\t\t\t\t\t\t\t\t\t<span class=\"elementor-button-text\">R\u00e9servation<\/span>\n\t\t\t\t\t<\/span>\n\t\t\t\t\t<\/a>\n\t\t\t\t\t\t\t\t<\/div>\n\t\t\t\t<\/div>\n\t\t<div class=\"elementor-element elementor-element-c0b48a8 e-con-full e-flex e-con e-child\" data-id=\"c0b48a8\" data-element_type=\"container\">\n\t\t\t\t<div class=\"elementor-element elementor-element-af2d408 elementor-widget elementor-widget-image\" data-id=\"af2d408\" data-element_type=\"widget\" data-widget_type=\"image.default\">\n\t\t\t\t\t\t\t\t\t\t\t\t\t\t\t<img decoding=\"async\" src=\"https:\/\/www.espacebamboo.be\/wp-content\/uploads\/2025\/10\/bamboo-pre.jpg\" title=\"bamboo-pre\" alt=\"bamboo-pre\" loading=\"lazy\" \/>\t\t\t\t\t\t\t\t\t\t\t\t\t\t\t<\/div>\n\t\t\t\t<\/div>\n\t\t\t\t<\/div>\n\t\t<div class=\"elementor-element elementor-element-cde6348 e-con-full e-flex e-con e-child\" data-id=\"cde6348\" data-element_type=\"container\">\n\t\t<div class=\"elementor-element elementor-element-aa99f0c e-con-full e-flex e-con e-child\" data-id=\"aa99f0c\" data-element_type=\"container\">\n\t\t\t\t<div class=\"elementor-element elementor-element-41cf6d0 elementor-widget elementor-widget-image\" data-id=\"41cf6d0\" data-element_type=\"widget\" data-widget_type=\"image.default\">\n\t\t\t\t\t\t\t\t\t\t\t\t\t\t\t<img loading=\"lazy\" decoding=\"async\" width=\"800\" height=\"800\" src=\"https:\/\/www.espacebamboo.be\/wp-content\/uploads\/2025\/09\/AdobeStock_307476561-1024x1024.png\" class=\"attachment-large size-large wp-image-75343\" alt=\"\" srcset=\"https:\/\/www.espacebamboo.be\/wp-content\/uploads\/2025\/09\/AdobeStock_307476561-1024x1024.png 1024w, https:\/\/www.espacebamboo.be\/wp-content\/uploads\/2025\/09\/AdobeStock_307476561-300x300.png 300w, https:\/\/www.espacebamboo.be\/wp-content\/uploads\/2025\/09\/AdobeStock_307476561-150x150.png 150w, https:\/\/www.espacebamboo.be\/wp-content\/uploads\/2025\/09\/AdobeStock_307476561-768x768.png 768w, https:\/\/www.espacebamboo.be\/wp-content\/uploads\/2025\/09\/AdobeStock_307476561.png 1252w\" sizes=\"(max-width: 800px) 100vw, 800px\" \/>\t\t\t\t\t\t\t\t\t\t\t\t\t\t\t<\/div>\n\t\t\t\t<\/div>\n\t\t<div class=\"elementor-element elementor-element-34399f9 e-con-full e-flex e-con e-child\" data-id=\"34399f9\" data-element_type=\"container\">\n\t\t\t\t<div class=\"elementor-element elementor-element-7bd101a elementor-widget elementor-widget-heading\" data-id=\"7bd101a\" data-element_type=\"widget\" data-widget_type=\"heading.default\">\n\t\t\t\t\t<h2 class=\"elementor-heading-title elementor-size-default\">Team <br>Building<\/h2>\t\t\t\t<\/div>\n\t\t\t\t<div class=\"elementor-element elementor-element-78a2aa1 elementor-widget elementor-widget-text-editor\" data-id=\"78a2aa1\" data-element_type=\"widget\" data-widget_type=\"text-editor.default\">\n\t\t\t\t\t\t\t\t\t<p>Re)tissez les liens dans un cadre apaisant et inspirant.<br data-start=\"128\" data-end=\"131\" \/>Nos team buildings allient expression cr\u00e9ative, mouvement et connexion humaine.<\/p>\t\t\t\t\t\t\t\t<\/div>\n\t\t\t\t<div class=\"elementor-element elementor-element-4834d0a elementor-widget elementor-widget-text-editor\" data-id=\"4834d0a\" data-element_type=\"widget\" data-widget_type=\"text-editor.default\">\n\t\t\t\t\t\t\t\t\t<p>Choisissez une activit\u00e9 collective (c\u00e9ramique, yoga, chant ou cr\u00e9ation libre) et nous adaptons le programme \u00e0 votre \u00e9quipe.<br data-start=\"335\" data-end=\"338\" \/>Un moment hors du cadre, pour mieux coop\u00e9rer dans le quotidien.<\/p>\t\t\t\t\t\t\t\t<\/div>\n\t\t\t\t<div class=\"elementor-element elementor-element-d37436c elementor-mobile-align-center elementor-widget-mobile__width-inherit elementor-widget elementor-widget-button\" data-id=\"d37436c\" data-element_type=\"widget\" data-widget_type=\"button.default\">\n\t\t\t\t\t\t\t\t\t\t<a class=\"elementor-button elementor-button-link elementor-size-sm\" href=\"https:\/\/docs.google.com\/forms\/d\/e\/1FAIpQLScy6oy-nn9nhkf7h5Ub4byzTNwv-JEKlrqti_msO70loCsLIA\/viewform?usp=send_form\" target=\"_blank\">\n\t\t\t\t\t\t<span class=\"elementor-button-content-wrapper\">\n\t\t\t\t\t\t\t\t\t<span class=\"elementor-button-text\">R\u00e9servation<\/span>\n\t\t\t\t\t<\/span>\n\t\t\t\t\t<\/a>\n\t\t\t\t\t\t\t\t<\/div>\n\t\t\t\t<\/div>\n\t\t\t\t<\/div>\n\t\t\t\t\t<\/div>\n\t\t\t\t<\/div>\n\t\t<div class=\"elementor-element elementor-element-0260365 e-flex e-con-boxed e-con e-parent\" data-id=\"0260365\" data-element_type=\"container\" data-settings=\"{&quot;background_background&quot;:&quot;classic&quot;}\">\n\t\t\t\t\t<div class=\"e-con-inner\">\n\t\t<div class=\"elementor-element elementor-element-7322b04 e-con-full e-flex e-con e-child\" data-id=\"7322b04\" data-element_type=\"container\">\n\t\t<div class=\"elementor-element elementor-element-a65fe01 e-con-full e-flex e-con e-child\" data-id=\"a65fe01\" data-element_type=\"container\">\n\t\t\t\t<div class=\"elementor-element elementor-element-1baa4de elementor-widget elementor-widget-heading\" data-id=\"1baa4de\" data-element_type=\"widget\" data-widget_type=\"heading.default\">\n\t\t\t\t\t<h2 class=\"elementor-heading-title elementor-size-default\">Location de <br>salles<\/h2>\t\t\t\t<\/div>\n\t\t\t\t<div class=\"elementor-element elementor-element-c6bd03a elementor-widget elementor-widget-text-editor\" data-id=\"c6bd03a\" data-element_type=\"widget\" data-widget_type=\"text-editor.default\">\n\t\t\t\t\t\t\t\t\t<p>Nous proposons deux salles polyvalentes disponibles \u00e0 la location, avec tout le n\u00e9cessaire pour vos ateliers, formations ou \u00e9v\u00e9nements.<\/p>\t\t\t\t\t\t\t\t<\/div>\n\t\t\t\t<div class=\"elementor-element elementor-element-feb7dee elementor-widget elementor-widget-heading\" data-id=\"feb7dee\" data-element_type=\"widget\" data-widget_type=\"heading.default\">\n\t\t\t\t\t<h2 class=\"elementor-heading-title elementor-size-default\">Salle 1<\/h2>\t\t\t\t<\/div>\n\t\t\t\t<div class=\"elementor-element elementor-element-e8a5e7d elementor-widget elementor-widget-heading\" data-id=\"e8a5e7d\" data-element_type=\"widget\" data-widget_type=\"heading.default\">\n\t\t\t\t\t<h2 class=\"elementor-heading-title elementor-size-default\">Studio <br>Zen<\/h2>\t\t\t\t<\/div>\n\t\t\t\t<div class=\"elementor-element elementor-element-7298f4c elementor-widget elementor-widget-text-editor\" data-id=\"7298f4c\" data-element_type=\"widget\" data-widget_type=\"text-editor.default\">\n\t\t\t\t\t\t\t\t\t<p>Id\u00e9al pour le yoga, le chant ou les constellations familiales en groupe ou autres s\u00e9ances.<\/p>\t\t\t\t\t\t\t\t<\/div>\n\t\t\t\t<div class=\"elementor-element elementor-element-a78e269 elementor-widget elementor-widget-text-editor\" data-id=\"a78e269\" data-element_type=\"widget\" data-widget_type=\"text-editor.default\">\n\t\t\t\t\t\t\t\t\t<p>65m\u00b2 &#8211; 1er \u00e9tage<br data-start=\"381\" data-end=\"384\" \/>Mise \u00e0 disposition : Cuisine, Micro-ondes, Toilette, wifi, Zafus, 8 tapis de yoga, chaises, cha\u00eene musique<\/p>\t\t\t\t\t\t\t\t<\/div>\n\t\t\t\t<div class=\"elementor-element elementor-element-f16cbbe elementor-mobile-align-center elementor-widget-mobile__width-inherit elementor-widget elementor-widget-button\" data-id=\"f16cbbe\" data-element_type=\"widget\" data-widget_type=\"button.default\">\n\t\t\t\t\t\t\t\t\t\t<a class=\"elementor-button elementor-button-link elementor-size-sm\" href=\"https:\/\/docs.google.com\/forms\/d\/e\/1FAIpQLScy6oy-nn9nhkf7h5Ub4byzTNwv-JEKlrqti_msO70loCsLIA\/viewform?usp=send_form\" target=\"_blank\">\n\t\t\t\t\t\t<span class=\"elementor-button-content-wrapper\">\n\t\t\t\t\t\t\t\t\t<span class=\"elementor-button-text\">R\u00e9servation<\/span>\n\t\t\t\t\t<\/span>\n\t\t\t\t\t<\/a>\n\t\t\t\t\t\t\t\t<\/div>\n\t\t\t\t<\/div>\n\t\t<div class=\"elementor-element elementor-element-4fcc524 e-con-full e-flex e-con e-child\" data-id=\"4fcc524\" data-element_type=\"container\">\n\t\t\t\t<div class=\"elementor-element elementor-element-50116e3 elementor-widget elementor-widget-image\" data-id=\"50116e3\" data-element_type=\"widget\" data-widget_type=\"image.default\">\n\t\t\t\t\t\t\t\t\t\t\t\t\t\t\t<img loading=\"lazy\" decoding=\"async\" width=\"800\" height=\"800\" src=\"https:\/\/www.espacebamboo.be\/wp-content\/uploads\/2025\/09\/1eretage_2-768x1024-1-1024x1024.png\" class=\"attachment-large size-large wp-image-75353\" alt=\"\" srcset=\"https:\/\/www.espacebamboo.be\/wp-content\/uploads\/2025\/09\/1eretage_2-768x1024-1-1024x1024.png 1024w, https:\/\/www.espacebamboo.be\/wp-content\/uploads\/2025\/09\/1eretage_2-768x1024-1-300x300.png 300w, https:\/\/www.espacebamboo.be\/wp-content\/uploads\/2025\/09\/1eretage_2-768x1024-1-150x150.png 150w, https:\/\/www.espacebamboo.be\/wp-content\/uploads\/2025\/09\/1eretage_2-768x1024-1-768x768.png 768w, https:\/\/www.espacebamboo.be\/wp-content\/uploads\/2025\/09\/1eretage_2-768x1024-1.png 1252w\" sizes=\"(max-width: 800px) 100vw, 800px\" \/>\t\t\t\t\t\t\t\t\t\t\t\t\t\t\t<\/div>\n\t\t\t\t<\/div>\n\t\t\t\t<\/div>\n\t\t<div class=\"elementor-element elementor-element-9fba6d4 e-con-full e-flex e-con e-child\" data-id=\"9fba6d4\" data-element_type=\"container\">\n\t\t<div class=\"elementor-element elementor-element-716ffed e-con-full e-flex e-con e-child\" data-id=\"716ffed\" data-element_type=\"container\">\n\t\t\t\t<div class=\"elementor-element elementor-element-f6aa8e6 elementor-widget elementor-widget-image\" data-id=\"f6aa8e6\" data-element_type=\"widget\" data-widget_type=\"image.default\">\n\t\t\t\t\t\t\t\t\t\t\t\t\t\t\t<img decoding=\"async\" src=\"https:\/\/www.espacebamboo.be\/wp-content\/uploads\/2025\/10\/IMG_1902.jpeg\" title=\"IMG_1902\" alt=\"IMG_1902\" loading=\"lazy\" \/>\t\t\t\t\t\t\t\t\t\t\t\t\t\t\t<\/div>\n\t\t\t\t<\/div>\n\t\t<div class=\"elementor-element elementor-element-eb32c60 e-con-full e-flex e-con e-child\" data-id=\"eb32c60\" data-element_type=\"container\">\n\t\t\t\t<div class=\"elementor-element elementor-element-8feff52 elementor-widget elementor-widget-heading\" data-id=\"8feff52\" data-element_type=\"widget\" data-widget_type=\"heading.default\">\n\t\t\t\t\t<h2 class=\"elementor-heading-title elementor-size-default\">Salle 2<\/h2>\t\t\t\t<\/div>\n\t\t\t\t<div class=\"elementor-element elementor-element-c583653 elementor-widget elementor-widget-heading\" data-id=\"c583653\" data-element_type=\"widget\" data-widget_type=\"heading.default\">\n\t\t\t\t\t<h2 class=\"elementor-heading-title elementor-size-default\">Studio <br>Creative<\/h2>\t\t\t\t<\/div>\n\t\t\t\t<div class=\"elementor-element elementor-element-e08733a elementor-widget elementor-widget-text-editor\" data-id=\"e08733a\" data-element_type=\"widget\" data-widget_type=\"text-editor.default\">\n\t\t\t\t\t\t\t\t\t<p>50m2 &#8211; Rez de chauss\u00e9e<br \/>Mise \u00e0 disposition : Cuisine, toilette, wifi,<br \/>chaises, cafeti\u00e8re et cha\u00eene musique.<\/p>\t\t\t\t\t\t\t\t<\/div>\n\t\t\t\t<div class=\"elementor-element elementor-element-03a2353 elementor-mobile-align-center elementor-widget-mobile__width-inherit elementor-widget elementor-widget-button\" data-id=\"03a2353\" data-element_type=\"widget\" data-widget_type=\"button.default\">\n\t\t\t\t\t\t\t\t\t\t<a class=\"elementor-button elementor-button-link elementor-size-sm\" href=\"https:\/\/docs.google.com\/forms\/d\/e\/1FAIpQLScy6oy-nn9nhkf7h5Ub4byzTNwv-JEKlrqti_msO70loCsLIA\/viewform?usp=send_form\" target=\"_blank\">\n\t\t\t\t\t\t<span class=\"elementor-button-content-wrapper\">\n\t\t\t\t\t\t\t\t\t<span class=\"elementor-button-text\">R\u00e9servation<\/span>\n\t\t\t\t\t<\/span>\n\t\t\t\t\t<\/a>\n\t\t\t\t\t\t\t\t<\/div>\n\t\t\t\t<\/div>\n\t\t\t\t<\/div>\n\t\t\t\t\t<\/div>\n\t\t\t\t<\/div>\n\t\t<div class=\"elementor-element elementor-element-89754ab e-flex e-con-boxed e-con e-parent\" data-id=\"89754ab\" data-element_type=\"container\" data-settings=\"{&quot;background_background&quot;:&quot;classic&quot;}\">\n\t\t\t\t\t<div class=\"e-con-inner\">\n\t\t<div class=\"elementor-element elementor-element-a7613df e-con-full e-flex e-con e-child\" data-id=\"a7613df\" data-element_type=\"container\">\n\t\t\t\t<div class=\"elementor-element elementor-element-e8ad178 elementor-widget elementor-widget-heading\" data-id=\"e8ad178\" data-element_type=\"widget\" data-widget_type=\"heading.default\">\n\t\t\t\t\t<h2 class=\"elementor-heading-title elementor-size-default\">Voir plus d\u2019activit\u00e9s dans le calendrier<\/h2>\t\t\t\t<\/div>\n\t\t\t\t<div class=\"elementor-element elementor-element-c932570 elementor-widget elementor-widget-button\" data-id=\"c932570\" data-element_type=\"widget\" data-widget_type=\"button.default\">\n\t\t\t\t\t\t\t\t\t\t<a class=\"elementor-button elementor-button-link elementor-size-sm\" href=\"https:\/\/www.espacebamboo.be\/index.php\/calendrier-2\/\">\n\t\t\t\t\t\t<span class=\"elementor-button-content-wrapper\">\n\t\t\t\t\t\t\t\t\t<span class=\"elementor-button-text\">R\u00e9servation<\/span>\n\t\t\t\t\t<\/span>\n\t\t\t\t\t<\/a>\n\t\t\t\t\t\t\t\t<\/div>\n\t\t\t\t<\/div>\n\t\t\t\t\t<\/div>\n\t\t\t\t<\/div>\n\t\t\t\t<\/div>\n\t\t","protected":false},"excerpt":{"rendered":"<p>Privatisations Anniversaire pour enfants Venez f\u00eater l\u2019anniversaire de votre enfant dans un cadref\u00e9\u00e9rique o\u00f9 tout est pens\u00e9 pour les petits. Cr\u00e9ez lui sonanniversaire avec l\u2019atelier qu\u2019il aime (une animation plusmusique, [&hellip;]<\/p>\n","protected":false},"author":53,"featured_media":0,"parent":0,"menu_order":0,"comment_status":"closed","ping_status":"closed","template":"","meta":{"footnotes":""},"class_list":["post-75269","page","type-page","status-publish","hentry"],"_links":{"self":[{"href":"https:\/\/www.espacebamboo.be\/index.php\/wp-json\/wp\/v2\/pages\/75269","targetHints":{"allow":["GET"]}}],"collection":[{"href":"https:\/\/www.espacebamboo.be\/index.php\/wp-json\/wp\/v2\/pages"}],"about":[{"href":"https:\/\/www.espacebamboo.be\/index.php\/wp-json\/wp\/v2\/types\/page"}],"author":[{"embeddable":true,"href":"https:\/\/www.espacebamboo.be\/index.php\/wp-json\/wp\/v2\/users\/53"}],"replies":[{"embeddable":true,"href":"https:\/\/www.espacebamboo.be\/index.php\/wp-json\/wp\/v2\/comments?post=75269"}],"version-history":[{"count":115,"href":"https:\/\/www.espacebamboo.be\/index.php\/wp-json\/wp\/v2\/pages\/75269\/revisions"}],"predecessor-version":[{"id":76172,"href":"https:\/\/www.espacebamboo.be\/index.php\/wp-json\/wp\/v2\/pages\/75269\/revisions\/76172"}],"wp:attachment":[{"href":"https:\/\/www.espacebamboo.be\/index.php\/wp-json\/wp\/v2\/media?parent=75269"}],"curies":[{"name":"wp","href":"https:\/\/api.w.org\/{rel}","templated":true}]}}